{"id":2,"date":"2022-05-10T01:04:10","date_gmt":"2022-05-10T01:04:10","guid":{"rendered":"http:\/\/ensugrup.com.tr\/?page_id=2"},"modified":"2025-10-07T02:01:01","modified_gmt":"2025-10-06T23:01:01","slug":"anasayfa","status":"publish","type":"page","link":"https:\/\/www.ensugrup.com.tr\/","title":{"rendered":"Anasayfa"},"content":{"rendered":"<div class=\"wpb-content-wrapper\"><p>[vc_row][vc_column]\n\t\t\t\t<p class=\"rs-p-wp-fix\"><\/p>\n\t\t\t\t<sr7-module data-alias=\"slider-1\" data-id=\"1\" id=\"SR7_1_1\" class=\"rs-ov-hidden\" data-version=\"6.7.28\">\n\t\t\t\t\t<sr7-adjuster><\/sr7-adjuster>\n\t\t\t\t\t<sr7-content>\n\t\t\t\t\t\t<sr7-slide id=\"SR7_1_1-4\" data-key=\"4\">\n\t\t\t\t\t\t\t<sr7-txt id=\"SR7_1_1-4-18\" class=\"sr7-layer\">Ensu Grup<\/sr7-txt>\n\t\t\t\t\t\t\t<sr7-txt id=\"SR7_1_1-4-19\" class=\"sr7-layer\">mermer&granit<\/sr7-txt>\n\t\t\t\t\t\t<\/sr7-slide>\n\t\t\t\t\t\t<sr7-slide id=\"SR7_1_1-3\" data-key=\"3\">\n\t\t\t\t\t\t\t<sr7-txt id=\"SR7_1_1-3-16\" class=\"sr7-layer\">Ensu Grup<\/sr7-txt>\n\t\t\t\t\t\t\t<sr7-txt id=\"SR7_1_1-3-17\" class=\"sr7-layer\">in\u015faat<\/sr7-txt>\n\t\t\t\t\t\t<\/sr7-slide>\n\t\t\t\t\t\t<sr7-slide id=\"SR7_1_1-1\" data-key=\"1\">\n\t\t\t\t\t\t\t<sr7-txt id=\"SR7_1_1-1-14\" class=\"sr7-layer\">NAKL\u0130YAT<\/sr7-txt>\n\t\t\t\t\t\t\t<sr7-txt id=\"SR7_1_1-1-15\" class=\"sr7-layer\">Ensu Grup<\/sr7-txt>\n\t\t\t\t\t\t<\/sr7-slide>\n\t\t\t\t\t\t<sr7-slide id=\"SR7_1_1-2\" data-key=\"2\">\n\t\t\t\t\t\t<\/sr7-slide>\n\t\t\t\t\t<\/sr7-content>\n\t\t\t\t<\/sr7-module>\n\t\t\t\t<script>\n\t\t\t\t\tSR7.PMH ??={}; SR7.PMH[\"SR7_1_1\"] = {cn:100,state:false,fn: function() { if (_tpt!==undefined && _tpt.prepareModuleHeight !== undefined) {  _tpt.prepareModuleHeight({id:\"SR7_1_1\",el:[700,700,768,768,720],type:'standard',shdw:'0',gh:[700,700,768,768,720],gw:[1900,1900,1024,1024,480],vpt:['-100px&#039;,&#039;-100px&#039;,&#039;-100px&#039;,&#039;-100px&#039;,&#039;-100px'],size:{fullWidth:true, fullHeight:false},mh:'0',onh:0,onw:0,bg:{color:'{\"orig\":\"transparent\",\"type\":\"solid\",\"string\":\"transparent\"}'}});   SR7.PMH[\"SR7_1_1\"].state=true;} else if(SR7.PMH[\"SR7_1_1\"].cn-->0)\tsetTimeout( SR7.PMH[\"SR7_1_1\"].fn,19);}};SR7.PMH[\"SR7_1_1\" ].fn();\n\t\t\t\t<\/script>\n[\/vc_column][\/vc_row][vc_row wrap_container=&#8221;yes&#8221; content_placement=&#8221;middle&#8221; el_class=&#8221;my-5 pt-md-4 pt-xl-0&#8243;][vc_column el_class=&#8221;pb-sm-4 pb-lg-0 mb-5 mb-lg-0&#8243; offset=&#8221;vc_col-md-6&#8243;][vc_custom_heading text=&#8221;Ensu Grup \u0130n\u015faat&#8221; use_theme_fonts=&#8221;yes&#8221; animation_type=&#8221;fadeInUp&#8221; el_class=&#8221;mb-0&#8243; css_params=&#8221;&#8221;][vc_separator color=&#8221;custom&#8221; align=&#8221;align_left&#8221; border_width=&#8221;4&#8243; css_animation=&#8221;left-to-right&#8221; css=&#8221;&#8221; style=&#8221;solid&#8221; el_class=&#8221;custom-separator customLineProgressAnim my-3&#8243; accent_color=&#8221;#ffed00&#8243; css_params=&#8221;&#8221;][vc_custom_heading text=&#8221;Hayallerinizdeki ya\u015fama kavu\u015fabilmeniz i\u00e7in \u015fehrin her b\u00f6lgesinde onlarca proje, y\u00fczlerce konut se\u00e7ene\u011fi ile Ensu Grup \u0130n\u015faat sizleri bekliyor. Sat\u0131\u015f\u0131 devam eden projelerimizi inceleyebilir, daha detayl\u0131 bilgi ve \u015fartlar i\u00e7in ileti\u015fim formunu doldurabilirsiniz.&#8221; font_container=&#8221;tag:p|font_size:15.4px|text_align:left|line_height:26px&#8221; use_theme_fonts=&#8221;yes&#8221; font_weight=&#8221;300&#8243; letter_spacing=&#8221;0&#8243; animation_delay=&#8221;450&#8243; el_class=&#8221;mb-4&#8243; animation_type=&#8221;fadeInUp&#8221; css_params=&#8221;&#8221;]<div class=\"porto-ultimate-content-box-container custom-view-more porto_ucb_21b6bf01188be9ba0119a2cb5c097588\" data-appear-animation=\"fadeInLeft\" data-appear-animation-delay=\"950\"><style>.porto_ucb_21b6bf01188be9ba0119a2cb5c097588{will-change: box-shadow;box-shadow: none;}.porto_ucb_21b6bf01188be9ba0119a2cb5c097588:hover{box-shadow:none}<\/style><div class=\"porto-ultimate-content-box\" style=\"\">[vc_btn title=&#8221;WHATSAPP&#8221; shape=&#8221;rounded&#8221; color=&#8221;success&#8221; size=&#8221;lg&#8221; skin=&#8221;primary&#8221; btn_fs=&#8221;14px&#8221; btn_fw=&#8221;300&#8243; btn_ls=&#8221;0&#8243; animation_delay=&#8221;&#8221; link=&#8221;url:https%3A%2F%2Fapi.whatsapp.com%2Fsend%3Fphone%3D905321777461%26text%3DMerhaba|title:Whatsapp|target:_blank&#8221; btn_px=&#8221;3rem&#8221; btn_py=&#8221;1.3132rem&#8221; el_class=&#8221;mb-sm-0 me-sm-2&#8243; css_params=&#8221;&#8221;]<div class=\"porto-sicon-box  vc_custom_1759672610480 ms-sm-4 ps-sm-4 mb-0  wpb_custom_991192e517ba80822b25b68bbbc51b14 style_1 default-icon\"><div class=\"porto-sicon-default\"><div class=\"porto-just-icon-wrapper porto-icon none\" style=\"color:#212529;font-size:28.8px;margin-right:0px;\"><i class=\"porto-icon-phone-1\"><\/i><\/div><\/div><div class=\"porto-sicon-header\"><h5 class=\"porto-sicon-title\" style=\"font-weight:600;font-size:11.2px;line-height:13.44px;margin-bottom:0px;\">Bize Ula\u015f\u0131n<\/h5><p style=\"font-weight:700;font-size:18.9px;line-height:1.2;color:#333333;\">(0462) 841 48 46<\/p><\/div> <!-- header --><\/div><!-- porto-sicon-box --><\/div><\/div>[\/vc_column][vc_column width=&#8221;3\/4&#8243; animation_delay=&#8221;1450&#8243; el_class=&#8221;ps-lg-5 pe-5 custom-auto-img&#8221; offset=&#8221;vc_col-md-6 vc_col-xs-10&#8243; animation_type=&#8221;fadeInLeft&#8221;][vc_single_image image=&#8221;3438&#8243; img_size=&#8221;full&#8221; css=&#8221;&#8221; floating_start_pos=&#8221;top&#8221; floating_speed=&#8221;9.8&#8243; floating_duration=&#8221;1000&#8243; el_class=&#8221;mb-0&#8243; css_params=&#8221;&#8221;]<div class=\"porto-ultimate-content-box-container auto-1 transform3dxy-n50 porto_ucb_21b6bf01188be9ba0119a2cb5c097588\"><style>.porto_ucb_21b6bf01188be9ba0119a2cb5c097588{will-change: box-shadow;box-shadow: none;}.porto_ucb_21b6bf01188be9ba0119a2cb5c097588:hover{box-shadow:none}<\/style><div class=\"porto-ultimate-content-box\" style=\"\">[vc_single_image image=&#8221;2917&#8243; floating_start_pos=&#8221;top&#8221; floating_speed=&#8221;0.5&#8243; el_class=&#8221;mb-0&#8243; floating_duration=&#8221;2000&#8243;]<\/div><\/div><div class=\"porto-ultimate-content-box-container auto-2 transform3dxy-n50 porto_ucb_21b6bf01188be9ba0119a2cb5c097588\"><style>.porto_ucb_21b6bf01188be9ba0119a2cb5c097588{will-change: box-shadow;box-shadow: none;}.porto_ucb_21b6bf01188be9ba0119a2cb5c097588:hover{box-shadow:none}<\/style><div class=\"porto-ultimate-content-box\" style=\"\">[vc_single_image image=&#8221;2918&#8243; floating_start_pos=&#8221;top&#8221; floating_speed=&#8221;2.5&#8243; el_class=&#8221;mb-0&#8243; floating_duration=&#8221;1500&#8243;]<\/div><\/div><div class=\"porto-ultimate-content-box-container auto-3 transform3dxy-n50 porto_ucb_21b6bf01188be9ba0119a2cb5c097588\"><style>.porto_ucb_21b6bf01188be9ba0119a2cb5c097588{will-change: box-shadow;box-shadow: none;}.porto_ucb_21b6bf01188be9ba0119a2cb5c097588:hover{box-shadow:none}<\/style><div class=\"porto-ultimate-content-box\" style=\"\">[vc_single_image image=&#8221;2919&#8243; floating_start_pos=&#8221;top&#8221; floating_speed=&#8221;2&#8243; el_class=&#8221;mb-0&#8243; floating_duration=&#8221;2500&#8243;]<\/div><\/div>[\/vc_column][\/vc_row][vc_row wrap_container=&#8221;yes&#8221; el_class=&#8221;p-t-xxl p-b-xxl overflow-hidden&#8221; conditional_render=&#8221;%5B%7B%22value_role%22%3A%22administrator%22%7D%5D&#8221; css_params=&#8221;&#8221;][vc_column][vc_custom_heading text=&#8221;Ensu Grup \u0130n\u015faat Projeler&#8221; use_theme_fonts=&#8221;yes&#8221; animation_type=&#8221;fadeInUp&#8221; el_class=&#8221;mb-0&#8243; css_params=&#8221;&#8221;][vc_separator color=&#8221;custom&#8221; align=&#8221;align_left&#8221; border_width=&#8221;4&#8243; css_animation=&#8221;left-to-right&#8221; css=&#8221;&#8221; style=&#8221;solid&#8221; el_class=&#8221;custom-separator customLineProgressAnim my-3&#8243; accent_color=&#8221;#ffed00&#8243; css_params=&#8221;&#8221;][porto_tb_posts post_type=&#8221;portfolio&#8221; order=&#8221;DESC&#8221; view=&#8221;slider&#8221; spacing=&#8221;20&#8243; columns_tablet=&#8221;2&#8243; columns_mobile=&#8221;1&#8243; nav_visible=&#8221;{&#8220;xl&#8220;:&#8220;block&#8220;}&#8221; builder_id=&#8221;652&#8243; count=&#8221;6&#8243; el_class=&#8221;service-slider&#8221; css_params=&#8221;&#8221;][\/vc_column][\/vc_row][vc_row wrap_container=&#8221;yes&#8221; conditional_render=&#8221;%5B%7B%22value_role%22%3A%22administrator%22%7D%5D&#8221;][vc_column][vc_custom_heading text=&#8221;Ensu Grup \u0130n\u015faat Referanslar&#8221; use_theme_fonts=&#8221;yes&#8221; animation_type=&#8221;fadeInUp&#8221; el_class=&#8221;mb-0&#8243; css_params=&#8221;&#8221;][vc_separator color=&#8221;custom&#8221; align=&#8221;align_left&#8221; border_width=&#8221;4&#8243; css_animation=&#8221;left-to-right&#8221; css=&#8221;&#8221; style=&#8221;solid&#8221; el_class=&#8221;custom-separator customLineProgressAnim my-3&#8243; accent_color=&#8221;#ffed00&#8243; css_params=&#8221;&#8221;]<div class=\"porto-gallery has-ccols ccols-2 ccols-md-3 ccols-lg-4 ccols-xl-6 wpb_custom_44abb3abdd5a6b66507529ac4387011f porto-carousel owl-carousel nav-center-images-only rounded-nav dots-style-1 align-items-center\" data-plugin-options=\"{&quot;autoplayTimeout&quot;:5000,&quot;items&quot;:6,&quot;xl&quot;:6,&quot;lg&quot;:4,&quot;md&quot;:3,&quot;sm&quot;:2,&quot;xs&quot;:2,&quot;nav&quot;:true,&quot;dots&quot;:&quot;yes&quot;}\"><figure><img loading=\"lazy\" decoding=\"async\" width=\"150\" height=\"150\" src=\"https:\/\/www.ensugrup.com.tr\/wp-content\/uploads\/2025\/10\/1-1.png\" class=\"attachment-full size-full\" alt=\"\" \/><\/figure><figure><img loading=\"lazy\" decoding=\"async\" width=\"150\" height=\"150\" src=\"https:\/\/www.ensugrup.com.tr\/wp-content\/uploads\/2025\/10\/2-2.png\" class=\"attachment-full size-full\" alt=\"\" \/><\/figure><figure><img loading=\"lazy\" decoding=\"async\" width=\"150\" height=\"150\" src=\"https:\/\/www.ensugrup.com.tr\/wp-content\/uploads\/2025\/10\/3-3.png\" class=\"attachment-full size-full\" alt=\"\" \/><\/figure><figure><img loading=\"lazy\" decoding=\"async\" width=\"150\" height=\"150\" src=\"https:\/\/www.ensugrup.com.tr\/wp-content\/uploads\/2025\/10\/4-4.png\" class=\"attachment-full size-full\" alt=\"\" \/><\/figure><figure><img loading=\"lazy\" decoding=\"async\" width=\"150\" height=\"150\" src=\"https:\/\/www.ensugrup.com.tr\/wp-content\/uploads\/2025\/10\/5-5.png\" class=\"attachment-full size-full\" alt=\"\" \/><\/figure><figure><img loading=\"lazy\" decoding=\"async\" width=\"150\" height=\"150\" src=\"https:\/\/www.ensugrup.com.tr\/wp-content\/uploads\/2025\/10\/6-6.png\" class=\"attachment-full size-full\" alt=\"\" \/><\/figure><figure><img loading=\"lazy\" decoding=\"async\" width=\"150\" height=\"150\" src=\"https:\/\/www.ensugrup.com.tr\/wp-content\/uploads\/2025\/10\/7-7.png\" class=\"attachment-full size-full\" alt=\"\" \/><\/figure><figure><img loading=\"lazy\" decoding=\"async\" width=\"150\" height=\"150\" src=\"https:\/\/www.ensugrup.com.tr\/wp-content\/uploads\/2025\/10\/8-8.png\" class=\"attachment-full size-full\" alt=\"\" \/><\/figure><figure><img loading=\"lazy\" decoding=\"async\" width=\"150\" height=\"150\" src=\"https:\/\/www.ensugrup.com.tr\/wp-content\/uploads\/2025\/10\/9-99.png\" class=\"attachment-full size-full\" alt=\"\" \/><\/figure><\/div>[\/vc_column][\/vc_row][vc_row wrap_container=&#8221;yes&#8221; conditional_render=&#8221;%5B%7B%22value_role%22%3A%22administrator%22%7D%5D&#8221; el_class=&#8221;m-t-xlg pt-5 m-b-lg pb-3&#8243;][vc_column el_class=&#8221;m-b-xs&#8221; conditional_render=&#8221;%5B%7B%22value_role%22%3A%22administrator%22%7D%5D&#8221;][vc_custom_heading text=&#8221;Ensu Grup \u0130n\u015faat Haberler&#8221; use_theme_fonts=&#8221;yes&#8221; animation_type=&#8221;fadeInUp&#8221; el_class=&#8221;mb-0&#8243; css_params=&#8221;&#8221;][vc_separator color=&#8221;custom&#8221; align=&#8221;align_left&#8221; border_width=&#8221;4&#8243; css_animation=&#8221;left-to-right&#8221; css=&#8221;&#8221; style=&#8221;solid&#8221; el_class=&#8221;custom-separator customLineProgressAnim my-3&#8243; accent_color=&#8221;#ffed00&#8243; css_params=&#8221;&#8221;][porto_tb_posts orderby=&#8221;ID&#8221; order=&#8221;ASC&#8221; spacing=&#8221;24&#8243; columns=&#8221;2&#8243; columns_tablet=&#8221;1&#8243; columns_mobile=&#8221;1&#8243; image_size=&#8221;related-post&#8221; builder_id=&#8221;1181&#8243; count=&#8221;2&#8243;][\/vc_column][\/vc_row]<\/p>\n<\/div>","protected":false},"excerpt":{"rendered":"<p>[vc_row][vc_column][\/vc_column][\/vc_row][vc_row wrap_container=&#8221;yes&#8221; content_placement=&#8221;middle&#8221; el_class=&#8221;my-5 pt-md-4 pt-xl-0&#8243;][vc_column el_class=&#8221;pb-sm-4 pb-lg-0 mb-5 mb-lg-0&#8243; offset=&#8221;vc_col-md-6&#8243;][vc_custom_heading text=&#8221;Ensu Grup \u0130n\u015faat&#8221; use_theme_fonts=&#8221;yes&#8221; animation_type=&#8221;fadeInUp&#8221; el_class=&#8221;mb-0&#8243; css_params=&#8221;&#8221;][vc_separator color=&#8221;custom&#8221; align=&#8221;align_left&#8221; border_width=&#8221;4&#8243; css_animation=&#8221;left-to-right&#8221; css=&#8221;&#8221; style=&#8221;solid&#8221; el_class=&#8221;custom-separator customLineProgressAnim my-3&#8243; accent_color=&#8221;#ffed00&#8243; css_params=&#8221;&#8221;][vc_custom_heading text=&#8221;Hayallerinizdeki ya\u015fama kavu\u015fabilmeniz i\u00e7in \u015fehrin her b\u00f6lgesinde onlarca proje, y\u00fczlerce konut se\u00e7ene\u011fi ile Ensu Grup \u0130n\u015faat sizleri bekliyor. Sat\u0131\u015f\u0131 devam eden projelerimizi inceleyebilir, daha detayl\u0131 bilgi [&hellip;]<\/p>\n","protected":false},"author":1,"featured_media":0,"parent":0,"menu_order":0,"comment_status":"closed","ping_status":"closed","template":"","meta":{"footnotes":""},"class_list":["post-2","page","type-page","status-publish","hentry"],"_links":{"self":[{"href":"https:\/\/www.ensugrup.com.tr\/index.php\/wp-json\/wp\/v2\/pages\/2","targetHints":{"allow":["GET"]}}],"collection":[{"href":"https:\/\/www.ensugrup.com.tr\/index.php\/wp-json\/wp\/v2\/pages"}],"about":[{"href":"https:\/\/www.ensugrup.com.tr\/index.php\/wp-json\/wp\/v2\/types\/page"}],"author":[{"embeddable":true,"href":"https:\/\/www.ensugrup.com.tr\/index.php\/wp-json\/wp\/v2\/users\/1"}],"replies":[{"embeddable":true,"href":"https:\/\/www.ensugrup.com.tr\/index.php\/wp-json\/wp\/v2\/comments?post=2"}],"version-history":[{"count":112,"href":"https:\/\/www.ensugrup.com.tr\/index.php\/wp-json\/wp\/v2\/pages\/2\/revisions"}],"predecessor-version":[{"id":3565,"href":"https:\/\/www.ensugrup.com.tr\/index.php\/wp-json\/wp\/v2\/pages\/2\/revisions\/3565"}],"wp:attachment":[{"href":"https:\/\/www.ensugrup.com.tr\/index.php\/wp-json\/wp\/v2\/media?parent=2"}],"curies":[{"name":"wp","href":"https:\/\/api.w.org\/{rel}","templated":true}]}}