{"id":3347,"date":"2025-10-05T23:56:03","date_gmt":"2025-10-05T20:56:03","guid":{"rendered":"https:\/\/www.ensugrup.com.tr\/?page_id=3347"},"modified":"2025-10-06T21:58:24","modified_gmt":"2025-10-06T18:58:24","slug":"nakliyat","status":"publish","type":"page","link":"https:\/\/www.ensugrup.com.tr\/index.php\/nakliyat\/","title":{"rendered":"Nakliyat"},"content":{"rendered":"<div class=\"wpb-content-wrapper\"><p>[vc_row wrap_container=&#8221;yes&#8221;][vc_column][vc_empty_space][\/vc_column][\/vc_row][vc_row wrap_container=&#8221;yes&#8221;][vc_column][vc_separator][vc_single_image image=&#8221;3358&#8243; img_size=&#8221;full&#8221; alignment=&#8221;center&#8221; css=&#8221;&#8221; css_params=&#8221;&#8221;][vc_empty_space height=&#8221;50px&#8221;][vc_row_inner][vc_column_inner][vc_media_grid css=&#8221;&#8221; grid_id=&#8221;vc_gid:1759777069858-e1e081ef-062a-1&#8243; include=&#8221;3503,3502,3507&#8243; css_params=&#8221;&#8221;][\/vc_column_inner][\/vc_row_inner][\/vc_column][\/vc_row][vc_row][vc_column width=&#8221;1\/2&#8243;][vc_column_text]<span style=\"font-size: 16px;\"><b>\u0130LKELER\u0130M\u0130Z<\/b><\/span><\/p>\n<ul>\n<li><span style=\"font-size: 16px;\">M\u00fc\u015fteri odakl\u0131 bir ta\u015f\u0131mac\u0131l\u0131k anlay\u0131\u015f\u0131 sergilemek.<\/span><\/li>\n<li><span style=\"font-size: 16px;\">Hem \u015firketimizin ilkelerine hem de uluslar aras\u0131 ta\u015f\u0131mac\u0131l\u0131k meslek ilkelerine ve eti\u011fine uygun davranmak.<\/span><\/li>\n<li><span style=\"font-size: 16px;\">Tam donan\u0131ml\u0131 ve g\u00fcvenli hizmet anlay\u0131\u015f\u0131m\u0131zdan \u00f6d\u00fcn vermemek.<\/span><\/li>\n<li><span style=\"font-size: 16px;\">Mesle\u011fimizi insan ve \u00e7evre sa\u011fl\u0131\u011f\u0131 ayn\u0131 zamanda trafik kurallar\u0131na uygun bi\u00e7imde icra etmek.<\/span><\/li>\n<li><span style=\"font-size: 16px;\">Ekip \u00e7al\u0131\u015fmas\u0131na \u00f6nem vermek<\/span><\/li>\n<li><span style=\"font-size: 16px;\">Etkin ileti\u015fim<\/span><\/li>\n<li><span style=\"font-size: 16px;\">\u00d6zverili ve verimli olmak<\/span><\/li>\n<li><span style=\"font-size: 16px;\">D\u00fcr\u00fcst ve g\u00fcvenilir olmak<\/span><\/li>\n<li><span style=\"font-size: 16px;\">Adalet ve rekabet e\u015fitli\u011fine \u00f6nem vermek<\/span><\/li>\n<\/ul>\n<p><span style=\"font-size: 16px;\"><b>Y\u00dcKLEME &#8211; SEVK\u0130YAT &#8211; TESL\u0130MAT<\/b><\/span><\/p>\n<ul>\n<li><span style=\"font-size: 16px;\">Tamam\u0131 \u00f6zmal olan ara\u00e7 filomuz ve deneyimli personelimizle y\u00fcklemeleriniz itina ile ger\u00e7ekle\u015ftirmekteyiz.<\/span><\/li>\n<li><span style=\"font-size: 16px;\">Hava ve yol durumuna g\u00f6re g\u00f6re mal\u0131n\u0131z en k\u0131sa s\u00fcrede size teslim edilmektedir.<\/span><\/li>\n<li><span style=\"font-size: 16px;\">Y\u00fckleme -Sevkiyat-Teslimat \u00fc\u00e7l\u00fcs\u00fcn\u00fcn \u00f6neminin fark\u0131nda olup mal\u0131n\u0131z\u0131 <b>ENSU GRUP NAKL\u0130YAT<\/b> g\u00fcvencesi ile en k\u0131sa s\u00fcrede teslim etmekteyiz.<\/span><\/li>\n<li><span style=\"font-size: 16px;\">Parsiyel ve komple y\u00fcklemeler yap\u0131lmaktad\u0131r.<\/span><\/li>\n<\/ul>\n<p><span style=\"font-size: 16px;\"><b>&#8220;Her\u015fey zaman\u0131nda&#8221;<\/b> ilkemizle mal\u0131n\u0131z\u0131 do\u011fru yerde, do\u011fru zamanda ve do\u011fru ilkede teslim etmekteyiz.<\/span><\/p>\n<p>[\/vc_column_text][\/vc_column][vc_column width=&#8221;1\/2&#8243;][vc_column_text]<span style=\"font-size: 16px;\"><b>ARA\u00c7 F\u0130LOMUZ<\/b><\/span>[\/vc_column_text][vc_single_image image=&#8221;3356&#8243; img_size=&#8221;full&#8221; css=&#8221;&#8221; title=&#8221;MEGA R\u00d6MORK&#8221; css_params=&#8221;&#8221;][vc_single_image image=&#8221;3360&#8243; img_size=&#8221;full&#8221; css=&#8221;&#8221; title=&#8221;MAKS\u0130MA R\u00d6MORK&#8221; css_params=&#8221;&#8221;][vc_single_image image=&#8221;3357&#8243; img_size=&#8221;full&#8221; css=&#8221;&#8221; title=&#8221;OPT\u0130MA R\u00d6MORK&#8221;][vc_single_image image=&#8221;3354&#8243; img_size=&#8221;full&#8221; css=&#8221;&#8221; title=&#8221;JUMBO R\u00d6MORK&#8221; css_params=&#8221;&#8221;][vc_single_image image=&#8221;3359&#8243; img_size=&#8221;full&#8221; css=&#8221;&#8221; title=&#8221;FLATBED R\u00d6MORK&#8221; css_params=&#8221;&#8221;][vc_single_image image=&#8221;3355&#8243; img_size=&#8221;full&#8221; css=&#8221;&#8221; title=&#8221;KAMYON R\u00d6MORK&#8221; css_params=&#8221;&#8221;][\/vc_column][\/vc_row][vc_row][vc_column][vc_single_image image=&#8221;3353&#8243; img_size=&#8221;full&#8221; alignment=&#8221;center&#8221; css=&#8221;&#8221; css_params=&#8221;&#8221;][\/vc_column][\/vc_row]<\/p>\n<\/div>","protected":false},"excerpt":{"rendered":"<p>[vc_row wrap_container=&#8221;yes&#8221;][vc_column][vc_empty_space][\/vc_column][\/vc_row][vc_row wrap_container=&#8221;yes&#8221;][vc_column][vc_separator][vc_single_image image=&#8221;3358&#8243; img_size=&#8221;full&#8221; alignment=&#8221;center&#8221; css=&#8221;&#8221; css_params=&#8221;&#8221;][vc_empty_space height=&#8221;50px&#8221;][vc_row_inner][vc_column_inner][vc_media_grid css=&#8221;&#8221; grid_id=&#8221;vc_gid:1759777069858-e1e081ef-062a-1&#8243; include=&#8221;3503,3502,3507&#8243; css_params=&#8221;&#8221;][\/vc_column_inner][\/vc_row_inner][\/vc_column][\/vc_row][vc_row][vc_column width=&#8221;1\/2&#8243;][vc_column_text]\u0130LKELER\u0130M\u0130Z M\u00fc\u015fteri odakl\u0131 bir ta\u015f\u0131mac\u0131l\u0131k anlay\u0131\u015f\u0131 sergilemek. Hem \u015firketimizin ilkelerine hem de uluslar aras\u0131 ta\u015f\u0131mac\u0131l\u0131k meslek ilkelerine ve eti\u011fine uygun davranmak. Tam donan\u0131ml\u0131 ve g\u00fcvenli hizmet anlay\u0131\u015f\u0131m\u0131zdan \u00f6d\u00fcn vermemek. Mesle\u011fimizi insan ve \u00e7evre sa\u011fl\u0131\u011f\u0131 ayn\u0131 zamanda trafik kurallar\u0131na uygun bi\u00e7imde icra etmek. [&hellip;]<\/p>\n","protected":false},"author":1,"featured_media":0,"parent":0,"menu_order":0,"comment_status":"closed","ping_status":"closed","template":"","meta":{"footnotes":""},"class_list":["post-3347","page","type-page","status-publish","hentry"],"_links":{"self":[{"href":"https:\/\/www.ensugrup.com.tr\/index.php\/wp-json\/wp\/v2\/pages\/3347","targetHints":{"allow":["GET"]}}],"collection":[{"href":"https:\/\/www.ensugrup.com.tr\/index.php\/wp-json\/wp\/v2\/pages"}],"about":[{"href":"https:\/\/www.ensugrup.com.tr\/index.php\/wp-json\/wp\/v2\/types\/page"}],"author":[{"embeddable":true,"href":"https:\/\/www.ensugrup.com.tr\/index.php\/wp-json\/wp\/v2\/users\/1"}],"replies":[{"embeddable":true,"href":"https:\/\/www.ensugrup.com.tr\/index.php\/wp-json\/wp\/v2\/comments?post=3347"}],"version-history":[{"count":8,"href":"https:\/\/www.ensugrup.com.tr\/index.php\/wp-json\/wp\/v2\/pages\/3347\/revisions"}],"predecessor-version":[{"id":3508,"href":"https:\/\/www.ensugrup.com.tr\/index.php\/wp-json\/wp\/v2\/pages\/3347\/revisions\/3508"}],"wp:attachment":[{"href":"https:\/\/www.ensugrup.com.tr\/index.php\/wp-json\/wp\/v2\/media?parent=3347"}],"curies":[{"name":"wp","href":"https:\/\/api.w.org\/{rel}","templated":true}]}}